{"id":16940,"date":"2020-05-30T13:39:43","date_gmt":"2020-05-30T13:39:43","guid":{"rendered":"http:\/\/adenilsongiovanini.com.br\/blog\/?page_id=16940"},"modified":"2022-08-10T20:38:13","modified_gmt":"2022-08-10T20:38:13","slug":"orcamento-topografia-as-2-maneiras-que-voce-pode-utilizar-para-orcar-servicos","status":"publish","type":"page","link":"https:\/\/adenilsongiovanini.com.br\/blog\/orcamento-topografia-as-2-maneiras-que-voce-pode-utilizar-para-orcar-servicos\/","title":{"rendered":"Or\u00e7amento Topografia: As 2 Maneiras?"},"content":{"rendered":"<p><span style=\"font-family: arial, helvetica, sans-serif; font-size: 20px; color: #000000;\">Quando se fala em <strong>or\u00e7amento topografia<\/strong>, \u00e9 normal dar um frio no est\u00f4mago, sentir-se inseguro e com medo de cobrar o pre\u00e7o errado.<\/span><\/p>\n<p><span style=\"font-family: arial, helvetica, sans-serif; font-size: 20px; color: #000000;\">Se isso acontece com voc\u00ea, n\u00e3o se preocupe que isso \u00e9 normal.<\/span><\/p>\n<p><span style=\"font-family: arial, helvetica, sans-serif; font-size: 20px; color: #000000;\">As primeiras vezes nas quais orcei um servi\u00e7o topogr\u00e1fico isso tamb\u00e9m aconteceu comigo.<\/span><\/p>\n<p><span style=\"font-family: arial, helvetica, sans-serif; font-size: 20px; color: #000000;\">Eu me sentia extremamente inseguro e com medo de cobrar barato demais, acabar trabalhando de gra\u00e7a e sendo visto como um profissional meia boca. <\/span><\/p>\n<p><span style=\"font-family: arial, helvetica, sans-serif; font-size: 20px; color: #000000;\">Ou sen\u00e3o, de cobrar caro demais e de acabar perdendo o cliente.<\/span><\/p>\n<p><span style=\"font-family: arial, helvetica, sans-serif; font-size: 20px; color: #000000;\">O problema era que eu n\u00e3o tinha nenhum exemplo real no qual me basear na hora de fazer um or\u00e7amento topografia.<\/span><\/p>\n<p><span style=\"font-family: arial, helvetica, sans-serif; font-size: 20px; color: #000000;\">P.S.: pe\u00e7o desculpas por estar utilizando o termo or\u00e7amento topografia. Estou ranckeando o artigo para esta palavra chave. Por causa disso, algumas frases ficar\u00e3o um pouco esquisitas.<\/span><\/p>\n<p><span style=\"font-family: arial, helvetica, sans-serif; font-size: 20px; color: #000000;\">Continuando, existe basicamente 2 metodologias que voc\u00ea pode utilizar na hora de voc\u00ea or\u00e7ar servi\u00e7os topogr\u00e1ficos. Vamos conhecer as mesmas.<\/span><\/p>\n<p>&nbsp;<\/p>\n<h2 style=\"text-align: center;\"><strong><span style=\"font-family: arial, helvetica, sans-serif; font-size: 24px; color: #000000;\">Or\u00e7amento topografia: Cobrar pelo n\u00famero de horas trabalhadas<\/span><\/strong><\/h2>\n<p><span style=\"font-family: arial, helvetica, sans-serif; font-size: 20px;\"><img decoding=\"async\" class=\"aligncenter\" src=\"http:\/\/adenilsongiovanini.com.br\/blog\/wp-content\/uploads\/2020\/05\/como-or%C3%A7ar-servi%C3%A7os.png\" alt=\"homens trabalhando\" \/><\/span><\/p>\n<p><span style=\"font-family: arial, helvetica, sans-serif; font-size: 20px;\"><span style=\"color: #000000;\">A primeira estrat\u00e9gia \u00e9<\/span> <span style=\"color: #0000ff;\"><a style=\"color: #0000ff;\" href=\"https:\/\/tutano.trampos.co\/13156-quanto-vale-preco-hora-como-freelancer\/\">cobrar por hora trabalhada<\/a><\/span><span style=\"color: #000000;\">.<\/span><\/span><\/p>\n<p><span style=\"font-family: arial, helvetica, sans-serif; font-size: 20px; color: #000000;\">Com isso, voc\u00ea definir\u00e1 o quanto pretende ganhar por hora trabalhada e a partir deste valor, precificar o servi\u00e7o.<\/span><\/p>\n<p><span style=\"font-family: arial, helvetica, sans-serif; font-size: 20px; color: #000000;\">\u00c9 obvio, sabemos n\u00f3s que \u00e9 dif\u00edcil fugir do valor de mercado. \u00c9 aconselh\u00e1vel que voc\u00ea se baseie no mesmo.<\/span><\/p>\n<p>&nbsp;<\/p>\n<h2 style=\"text-align: center;\"><span style=\"color: #000000;\"><strong><span style=\"font-family: arial, helvetica, sans-serif; font-size: 24px;\">Or\u00e7amento topografia: Cobrar por servi\u00e7o prestado<\/span><\/strong><\/span><\/h2>\n<p><span style=\"font-family: arial, helvetica, sans-serif; font-size: 20px;\"><img decoding=\"async\" class=\"aligncenter\" src=\"http:\/\/adenilsongiovanini.com.br\/blog\/wp-content\/uploads\/2019\/12\/Prestar-servi%C3%A7os-de-topografia.jpg\" alt=\"or\u00e7ar servi\u00e7os de topografia\" \/><\/span><\/p>\n<p>&nbsp;<\/p>\n<p><span style=\"color: #000000;\"><span style=\"font-family: arial, helvetica, sans-serif; font-size: 20px;\">Quando se fala em <strong>or\u00e7amento topografia<\/strong>, a segunda estrat\u00e9gia que voc\u00ea pode adotar \u00e9 cobrar por servi\u00e7o prestado.<\/span><\/span><\/p>\n<p><span style=\"color: #000000;\"><span style=\"font-family: arial, helvetica, sans-serif; font-size: 20px;\">Neste caso, voc\u00ea definir\u00e1 o tempo necess\u00e1rio para a presta\u00e7\u00e3o do servi\u00e7o e com base nesta informa\u00e7\u00e3o, o pre\u00e7o que ir\u00e1 cobrar.<\/span><\/span><\/p>\n<p>&nbsp;<\/p>\n<h2 style=\"text-align: center;\"><strong><span style=\"color: #000000;\"><span style=\"font-family: arial, helvetica, sans-serif; font-size: 20px;\">Or\u00e7amento topografia: determinando quanto tempo ser\u00e1 necess\u00e1rio para a presta\u00e7\u00e3o do servi\u00e7o<\/span><\/span><\/strong><\/h2>\n<p><span style=\"font-family: arial, helvetica, sans-serif; font-size: 20px;\"><img decoding=\"async\" class=\"aligncenter\" src=\"http:\/\/adenilsongiovanini.com.br\/blog\/wp-content\/uploads\/2020\/05\/or%C3%A7ar-servi%C3%A7o-topogr%C3%A1fico-tempo-para-a-presta%C3%A7%C3%A3o-do-servi%C3%A7o.jpg\" alt=\"rel\u00f3gio de areia antigo\" \/><\/span><\/p>\n<p><span style=\"font-family: arial, helvetica, sans-serif; font-size: 20px;\"><span style=\"color: #000000;\">No que se refere a como cobrar servi\u00e7o de topografia, o que deixa os profissionais da \u00e1rea em p\u00e2nico \u00e9 que os mesmos precisam<\/span> <span style=\"color: #0000ff;\"><a style=\"color: #0000ff;\" href=\"https:\/\/www.agendor.com.br\/blog\/como-definir-o-preco-de-um-servico\/\">determinar o tempo necess\u00e1rio para a presta\u00e7\u00e3o de um servi\u00e7o<\/a><\/span><span style=\"color: #000000;\">.<\/span><\/span><\/p>\n<p><span style=\"font-family: arial, helvetica, sans-serif; font-size: 20px; color: #000000;\">A pergunta que fica \u00e9 como fazer isso?<\/span><\/p>\n<p><span style=\"font-family: arial, helvetica, sans-serif; font-size: 20px; color: #000000;\">N\u00e3o se preocupe querida pessoa, que eu irei compartilhar uma sacada avan\u00e7ada com voc\u00ea.<\/span><\/p>\n<p><span style=\"font-family: arial, helvetica, sans-serif; font-size: 20px; color: #000000;\">A <em>melhor maneira de descobrir quanto tempo ser\u00e1 necess\u00e1rio para a presta\u00e7\u00e3o do servi\u00e7o<\/em> \u00e9:<\/span><\/p>\n<p>&nbsp;<\/p>\n<p style=\"text-align: center;\"><span style=\"font-family: arial, helvetica, sans-serif; font-size: 20px; color: #000000;\"><strong>Se baseando em algum outro servi\u00e7o que voc\u00ea prestou!<\/strong><\/span><\/p>\n<p><span style=\"font-family: arial, helvetica, sans-serif; font-size: 20px; color: #000000;\">Isso mesmo, voc\u00ea deve se lembrar de algum servi\u00e7o similar que prestou, identificando quanto tempo foi necess\u00e1rio para a presta\u00e7\u00e3o do mesmo.<\/span><\/p>\n<p><span style=\"font-family: arial, helvetica, sans-serif; font-size: 20px; color: #000000;\">Com isso voc\u00ea conseguir\u00e1 determinar com grande precis\u00e3o o tempo necess\u00e1rio para a presta\u00e7\u00e3o do servi\u00e7o.<\/span><\/p>\n<p><span style=\"font-family: arial, helvetica, sans-serif; font-size: 20px; color: #000000;\">Ou seja, pouco importa a metodologia que voc\u00ea ir\u00e1 utilizar para precificar servi\u00e7os topogr\u00e1ficos, se cobrar\u00e1 por hora ou por projeto.<\/span><\/p>\n<p><span style=\"font-family: arial, helvetica, sans-serif; font-size: 20px; color: #000000;\">Em ambos os casos, voc\u00ea precisa se basear em algum servi\u00e7o que prestou anteriormente para determinar o tempo necess\u00e1rio para a presta\u00e7\u00e3o do servi\u00e7o.<\/span><\/p>\n<p>&nbsp;<\/p>\n<h2 style=\"text-align: center;\"><span style=\"font-size: 24px; color: #000000;\"><strong><span style=\"font-family: arial, helvetica, sans-serif;\">Como cobrar servi\u00e7o de topografia<\/span><span style=\"font-family: arial, helvetica, sans-serif;\">: Aprenda a Cobrar o pre\u00e7o Justo Pelos Seu Servi\u00e7os<\/span><\/strong><\/span><\/h2>\n<p><img decoding=\"async\" class=\"aligncenter\" src=\"http:\/\/adenilsongiovanini.com.br\/blog\/wp-content\/uploads\/2020\/05\/or%C3%A7amento-levantamento-topografico-1024x768.jpg\" alt=\"cobrar por servi\u00e7os de topografia\" \/><\/p>\n<p style=\"text-align: left;\"><span style=\"font-family: arial, helvetica, sans-serif; font-size: 20px;\"><span style=\"color: #000000;\">Se voc\u00ea gostou destas dicas, ent\u00e3o ir\u00e1 adorar o<\/span> <span style=\"color: #0000ff;\"><a style=\"color: #0000ff;\" href=\"http:\/\/adenilsongiovanini.com.br\/blog\/cobrar-por-servios-de-topografia\/\" target=\"_blank\" rel=\"nofollow noopener noreferrer\">E-book Como cobrar por servi\u00e7os de topografia<\/a><\/span><span style=\"color: #000000;\">.<\/span><\/span><\/p>\n<p style=\"text-align: left;\"><span style=\"font-family: arial, helvetica, sans-serif; font-size: 20px; color: #000000;\">No mesmo eu passo dicas avan\u00e7adas, ajudando voc\u00ea a cobrar o pre\u00e7o certo pelos seus servi\u00e7os.<\/span><\/p>\n<p style=\"text-align: left;\"><span style=\"font-family: arial, helvetica, sans-serif; font-size: 20px; color: #000000;\">Clique neste link e conhe\u00e7a melhor o mesmo.<\/span><\/p>\n<p>&nbsp;<\/p>\n<h2 style=\"text-align: center;\"><span style=\"color: #000000; font-size: 24px;\"><strong><span style=\"font-family: arial, helvetica, sans-serif;\">Aprenda a Precificar Servi\u00e7os Topogr\u00e1ficos Atrav\u00e9s de Um Livro Formado Por Estudos de caso e Exemplos Pr\u00e1ticos<\/span><\/strong><\/span><\/h2>\n<h2 style=\"text-align: center;\"><img decoding=\"async\" class=\"aligncenter size-large wp-image-25461\" src=\"https:\/\/adenilsongiovanini.com.br\/blog\/wp-content\/uploads\/2020\/05\/precificar-servicos-topograficos-780x386.png\" alt=\"\" width=\"780\" height=\"386\" srcset=\"https:\/\/adenilsongiovanini.com.br\/blog\/wp-content\/uploads\/2020\/05\/precificar-servicos-topograficos-780x386.png 780w, https:\/\/adenilsongiovanini.com.br\/blog\/wp-content\/uploads\/2020\/05\/precificar-servicos-topograficos-300x148.png 300w, https:\/\/adenilsongiovanini.com.br\/blog\/wp-content\/uploads\/2020\/05\/precificar-servicos-topograficos-768x380.png 768w, https:\/\/adenilsongiovanini.com.br\/blog\/wp-content\/uploads\/2020\/05\/precificar-servicos-topograficos.png 1536w\" sizes=\"(max-width: 780px) 100vw, 780px\" \/><\/h2>\n<p><span style=\"font-family: arial, helvetica, sans-serif; font-size: 20px; color: #000000;\">A <em><strong>um clique de dist\u00e2ncia de voc\u00ea<\/strong><\/em> encontra-se um fabuloso livro, formado por 5 cap\u00edtulos que ir\u00e1 ajudar voc\u00ea a<strong> precificar os diferentes servi\u00e7os topogr\u00e1ficos com seguran\u00e7a<\/strong>.<\/span><\/p>\n<p><span style=\"font-family: arial, helvetica, sans-serif; font-size: 20px; color: #000000;\">D\u00ea uma &#8220;<em>espiadinha<\/em>&#8221; no sum\u00e1rio do mesmo:<\/span><\/p>\n<p><center><iframe width=\"95%\" height=\"980\" src=\"https:\/\/drive.google.com\/file\/d\/1aLpqTU92ncOCMGioCjVP1dhPmvHmtYCU\/preview\"><span data-mce-type=\"bookmark\" style=\"display: inline-block; width: 0px; overflow: hidden; line-height: 0;\" class=\"mce_SELRES_start\">\ufeff<\/span><\/iframe><\/center><\/p>\n<p><span style=\"font-family: arial, helvetica, sans-serif; font-size: 20px; color: #000000;\">Clique no bot\u00e3o abaixo, conhe\u00e7a melhor a estrutura do livro, junte-se a dezenas de profissionais e adquirir\u00e1 sua c\u00f3pia do mesmo.<\/span><\/p>\n<div class=\"su-button-center\"><a href=\"https:\/\/adenilsongiovanini.com.br\/precificar-servicos-de-topografia\/\" class=\"su-button su-button-style-3d su-button-wide\" style=\"color:#000000;background-color:#00b025;border-color:#008d1e;border-radius:8px\" target=\"_blank\" rel=\"nofollow\" id=\"2\"><span style=\"color:#000000;padding:0px 22px;font-size:17px;line-height:34px;border-color:#4dc867;border-radius:8px;text-shadow:0px 0px 0px #000000\"> &gt; Quero Conhecer Melhor o Livro, Pois Quero (e preciso) Aprender a Or\u00e7ar Servi\u00e7os Topogr\u00e1ficos&#8230;<\/span><\/a><\/div>\n<p>&nbsp;<\/p>\n","protected":false},"excerpt":{"rendered":"<p>Quando se fala em or\u00e7amento topografia, \u00e9 normal dar um frio no est\u00f4mago, sentir-se inseguro e com medo de cobrar o pre\u00e7o errado. Se isso acontece com voc\u00ea, n\u00e3o se preocupe que isso \u00e9 normal. As primeiras vezes nas quais orcei um servi\u00e7o topogr\u00e1fico isso tamb\u00e9m aconteceu comigo. Eu me [&hellip;]<\/p>\n","protected":false},"author":1,"featured_media":16944,"parent":0,"menu_order":0,"comment_status":"closed","ping_status":"closed","template":"","meta":{"_monsterinsights_skip_tracking":false,"_monsterinsights_sitenote_active":false,"_monsterinsights_sitenote_note":"","_monsterinsights_sitenote_category":0,"footnotes":""},"class_list":["post-16940","page","type-page","status-publish","has-post-thumbnail","hentry"],"yoast_head":"<!-- This site is optimized with the Yoast SEO plugin v26.5 - https:\/\/yoast.com\/wordpress\/plugins\/seo\/ -->\n<title>Or\u00e7amento Topografia: As 2 Maneiras? - Adenilson Giovanini<\/title>\n<meta name=\"description\" content=\"Conhe\u00e7a as 2 maneiras de se fazer um or\u00e7amento topografia e passe a or\u00e7ar seus servi\u00e7os da maneira certa. Um guia definitivo.\" \/>\n<meta name=\"robots\" content=\"index, follow, max-snippet:-1, max-image-preview:large, max-video-preview:-1\" \/>\n<link rel=\"canonical\" href=\"https:\/\/adenilsongiovanini.com.br\/blog\/orcamento-topografia-as-2-maneiras-que-voce-pode-utilizar-para-orcar-servicos\/\" \/>\n<meta property=\"og:locale\" content=\"pt_BR\" \/>\n<meta property=\"og:type\" content=\"article\" \/>\n<meta property=\"og:title\" content=\"Or\u00e7amento Topografia: As 2 Maneiras? - Adenilson Giovanini\" \/>\n<meta property=\"og:description\" content=\"Conhe\u00e7a as 2 maneiras de se fazer um or\u00e7amento topografia e passe a or\u00e7ar seus servi\u00e7os da maneira certa. Um guia definitivo.\" \/>\n<meta property=\"og:url\" content=\"https:\/\/adenilsongiovanini.com.br\/blog\/orcamento-topografia-as-2-maneiras-que-voce-pode-utilizar-para-orcar-servicos\/\" \/>\n<meta property=\"og:site_name\" content=\"Adenilson Giovanini\" \/>\n<meta property=\"article:publisher\" content=\"https:\/\/www.facebook.com\/otopografo\/\" \/>\n<meta property=\"article:modified_time\" content=\"2022-08-10T20:38:13+00:00\" \/>\n<meta property=\"og:image\" content=\"https:\/\/adenilsongiovanini.com.br\/blog\/wp-content\/uploads\/2020\/05\/or\u00e7amento-topografia.png\" \/>\n\t<meta property=\"og:image:width\" content=\"1390\" \/>\n\t<meta property=\"og:image:height\" content=\"685\" \/>\n\t<meta property=\"og:image:type\" content=\"image\/png\" \/>\n<meta name=\"twitter:card\" content=\"summary_large_image\" \/>\n<meta name=\"twitter:label1\" content=\"Est. tempo de leitura\" \/>\n\t<meta name=\"twitter:data1\" content=\"5 minutos\" \/>\n<script type=\"application\/ld+json\" class=\"yoast-schema-graph\">{\"@context\":\"https:\/\/schema.org\",\"@graph\":[{\"@type\":\"WebPage\",\"@id\":\"https:\/\/adenilsongiovanini.com.br\/blog\/orcamento-topografia-as-2-maneiras-que-voce-pode-utilizar-para-orcar-servicos\/\",\"url\":\"https:\/\/adenilsongiovanini.com.br\/blog\/orcamento-topografia-as-2-maneiras-que-voce-pode-utilizar-para-orcar-servicos\/\",\"name\":\"Or\u00e7amento Topografia: As 2 Maneiras? - Adenilson Giovanini\",\"isPartOf\":{\"@id\":\"https:\/\/adenilsongiovanini.com.br\/blog\/#website\"},\"primaryImageOfPage\":{\"@id\":\"https:\/\/adenilsongiovanini.com.br\/blog\/orcamento-topografia-as-2-maneiras-que-voce-pode-utilizar-para-orcar-servicos\/#primaryimage\"},\"image\":{\"@id\":\"https:\/\/adenilsongiovanini.com.br\/blog\/orcamento-topografia-as-2-maneiras-que-voce-pode-utilizar-para-orcar-servicos\/#primaryimage\"},\"thumbnailUrl\":\"https:\/\/adenilsongiovanini.com.br\/blog\/wp-content\/uploads\/2020\/05\/or\u00e7amento-topografia.png\",\"datePublished\":\"2020-05-30T13:39:43+00:00\",\"dateModified\":\"2022-08-10T20:38:13+00:00\",\"description\":\"Conhe\u00e7a as 2 maneiras de se fazer um or\u00e7amento topografia e passe a or\u00e7ar seus servi\u00e7os da maneira certa. Um guia definitivo.\",\"breadcrumb\":{\"@id\":\"https:\/\/adenilsongiovanini.com.br\/blog\/orcamento-topografia-as-2-maneiras-que-voce-pode-utilizar-para-orcar-servicos\/#breadcrumb\"},\"inLanguage\":\"pt-BR\",\"potentialAction\":[{\"@type\":\"ReadAction\",\"target\":[\"https:\/\/adenilsongiovanini.com.br\/blog\/orcamento-topografia-as-2-maneiras-que-voce-pode-utilizar-para-orcar-servicos\/\"]}]},{\"@type\":\"ImageObject\",\"inLanguage\":\"pt-BR\",\"@id\":\"https:\/\/adenilsongiovanini.com.br\/blog\/orcamento-topografia-as-2-maneiras-que-voce-pode-utilizar-para-orcar-servicos\/#primaryimage\",\"url\":\"https:\/\/adenilsongiovanini.com.br\/blog\/wp-content\/uploads\/2020\/05\/or\u00e7amento-topografia.png\",\"contentUrl\":\"https:\/\/adenilsongiovanini.com.br\/blog\/wp-content\/uploads\/2020\/05\/or\u00e7amento-topografia.png\",\"width\":1390,\"height\":685},{\"@type\":\"BreadcrumbList\",\"@id\":\"https:\/\/adenilsongiovanini.com.br\/blog\/orcamento-topografia-as-2-maneiras-que-voce-pode-utilizar-para-orcar-servicos\/#breadcrumb\",\"itemListElement\":[{\"@type\":\"ListItem\",\"position\":1,\"name\":\"Home\",\"item\":\"https:\/\/adenilsongiovanini.com.br\/blog\/\"},{\"@type\":\"ListItem\",\"position\":2,\"name\":\"Or\u00e7amento Topografia: As 2 Maneiras?\"}]},{\"@type\":\"WebSite\",\"@id\":\"https:\/\/adenilsongiovanini.com.br\/blog\/#website\",\"url\":\"https:\/\/adenilsongiovanini.com.br\/blog\/\",\"name\":\"Adenilson Giovanini\",\"description\":\"Topografia e Geotecnologias\",\"publisher\":{\"@id\":\"https:\/\/adenilsongiovanini.com.br\/blog\/#\/schema\/person\/9c1daa7da73c116aae2cb0568d1daa23\"},\"potentialAction\":[{\"@type\":\"SearchAction\",\"target\":{\"@type\":\"EntryPoint\",\"urlTemplate\":\"https:\/\/adenilsongiovanini.com.br\/blog\/?s={search_term_string}\"},\"query-input\":{\"@type\":\"PropertyValueSpecification\",\"valueRequired\":true,\"valueName\":\"search_term_string\"}}],\"inLanguage\":\"pt-BR\"},{\"@type\":[\"Person\",\"Organization\"],\"@id\":\"https:\/\/adenilsongiovanini.com.br\/blog\/#\/schema\/person\/9c1daa7da73c116aae2cb0568d1daa23\",\"name\":\"Adenilson Giovanini\",\"image\":{\"@type\":\"ImageObject\",\"inLanguage\":\"pt-BR\",\"@id\":\"https:\/\/adenilsongiovanini.com.br\/blog\/#\/schema\/person\/image\/\",\"url\":\"https:\/\/adenilsongiovanini.com.br\/blog\/wp-content\/litespeed\/avatar\/be8f4de5c0b8a93c57a4f29cbf2f1e92.jpg?ver=1778339836\",\"contentUrl\":\"https:\/\/adenilsongiovanini.com.br\/blog\/wp-content\/litespeed\/avatar\/be8f4de5c0b8a93c57a4f29cbf2f1e92.jpg?ver=1778339836\",\"caption\":\"Adenilson Giovanini\"},\"logo\":{\"@id\":\"https:\/\/adenilsongiovanini.com.br\/blog\/#\/schema\/person\/image\/\"},\"description\":\"O Professor Adenilson Giovanini \u00e9 especialista em Topografia Cadastral e Georreferenciamento de Im\u00f3veis Rurais. O mesmo possui o Maior Site de Engenharia de Agrimensura do Brasil. Site este que tem mais de 102.000 visualiza\u00e7\u00f5es por m\u00eas. Tamb\u00e9m possui mais de 600 v\u00eddeos em seu canal no youtube. Al\u00e9m disso, \u00e9 escritor Best Seller, possuindo v\u00e1rios cursos e livros de sucesso.\",\"sameAs\":[\"http:\/\/adenilsongiovanini.com.br\",\"https:\/\/www.facebook.com\/otopografo\/\",\"https:\/\/www.instagram.com\/adenilson_giovanini\/\",\"https:\/\/www.linkedin.com\/in\/adenilson-giovanini-819b8035\/\",\"https:\/\/br.pinterest.com\/adenilsongiovanini\/\",\"https:\/\/www.youtube.com\/channel\/uce-br7ghiuog2txcsdx5vrw\"]}]}<\/script>\n<!-- \/ Yoast SEO plugin. -->","yoast_head_json":{"title":"Or\u00e7amento Topografia: As 2 Maneiras? - Adenilson Giovanini","description":"Conhe\u00e7a as 2 maneiras de se fazer um or\u00e7amento topografia e passe a or\u00e7ar seus servi\u00e7os da maneira certa. Um guia definitivo.","robots":{"index":"index","follow":"follow","max-snippet":"max-snippet:-1","max-image-preview":"max-image-preview:large","max-video-preview":"max-video-preview:-1"},"canonical":"https:\/\/adenilsongiovanini.com.br\/blog\/orcamento-topografia-as-2-maneiras-que-voce-pode-utilizar-para-orcar-servicos\/","og_locale":"pt_BR","og_type":"article","og_title":"Or\u00e7amento Topografia: As 2 Maneiras? - Adenilson Giovanini","og_description":"Conhe\u00e7a as 2 maneiras de se fazer um or\u00e7amento topografia e passe a or\u00e7ar seus servi\u00e7os da maneira certa. Um guia definitivo.","og_url":"https:\/\/adenilsongiovanini.com.br\/blog\/orcamento-topografia-as-2-maneiras-que-voce-pode-utilizar-para-orcar-servicos\/","og_site_name":"Adenilson Giovanini","article_publisher":"https:\/\/www.facebook.com\/otopografo\/","article_modified_time":"2022-08-10T20:38:13+00:00","og_image":[{"width":1390,"height":685,"url":"https:\/\/adenilsongiovanini.com.br\/blog\/wp-content\/uploads\/2020\/05\/or\u00e7amento-topografia.png","type":"image\/png"}],"twitter_card":"summary_large_image","twitter_misc":{"Est. tempo de leitura":"5 minutos"},"schema":{"@context":"https:\/\/schema.org","@graph":[{"@type":"WebPage","@id":"https:\/\/adenilsongiovanini.com.br\/blog\/orcamento-topografia-as-2-maneiras-que-voce-pode-utilizar-para-orcar-servicos\/","url":"https:\/\/adenilsongiovanini.com.br\/blog\/orcamento-topografia-as-2-maneiras-que-voce-pode-utilizar-para-orcar-servicos\/","name":"Or\u00e7amento Topografia: As 2 Maneiras? - Adenilson Giovanini","isPartOf":{"@id":"https:\/\/adenilsongiovanini.com.br\/blog\/#website"},"primaryImageOfPage":{"@id":"https:\/\/adenilsongiovanini.com.br\/blog\/orcamento-topografia-as-2-maneiras-que-voce-pode-utilizar-para-orcar-servicos\/#primaryimage"},"image":{"@id":"https:\/\/adenilsongiovanini.com.br\/blog\/orcamento-topografia-as-2-maneiras-que-voce-pode-utilizar-para-orcar-servicos\/#primaryimage"},"thumbnailUrl":"https:\/\/adenilsongiovanini.com.br\/blog\/wp-content\/uploads\/2020\/05\/or\u00e7amento-topografia.png","datePublished":"2020-05-30T13:39:43+00:00","dateModified":"2022-08-10T20:38:13+00:00","description":"Conhe\u00e7a as 2 maneiras de se fazer um or\u00e7amento topografia e passe a or\u00e7ar seus servi\u00e7os da maneira certa. Um guia definitivo.","breadcrumb":{"@id":"https:\/\/adenilsongiovanini.com.br\/blog\/orcamento-topografia-as-2-maneiras-que-voce-pode-utilizar-para-orcar-servicos\/#breadcrumb"},"inLanguage":"pt-BR","potentialAction":[{"@type":"ReadAction","target":["https:\/\/adenilsongiovanini.com.br\/blog\/orcamento-topografia-as-2-maneiras-que-voce-pode-utilizar-para-orcar-servicos\/"]}]},{"@type":"ImageObject","inLanguage":"pt-BR","@id":"https:\/\/adenilsongiovanini.com.br\/blog\/orcamento-topografia-as-2-maneiras-que-voce-pode-utilizar-para-orcar-servicos\/#primaryimage","url":"https:\/\/adenilsongiovanini.com.br\/blog\/wp-content\/uploads\/2020\/05\/or\u00e7amento-topografia.png","contentUrl":"https:\/\/adenilsongiovanini.com.br\/blog\/wp-content\/uploads\/2020\/05\/or\u00e7amento-topografia.png","width":1390,"height":685},{"@type":"BreadcrumbList","@id":"https:\/\/adenilsongiovanini.com.br\/blog\/orcamento-topografia-as-2-maneiras-que-voce-pode-utilizar-para-orcar-servicos\/#breadcrumb","itemListElement":[{"@type":"ListItem","position":1,"name":"Home","item":"https:\/\/adenilsongiovanini.com.br\/blog\/"},{"@type":"ListItem","position":2,"name":"Or\u00e7amento Topografia: As 2 Maneiras?"}]},{"@type":"WebSite","@id":"https:\/\/adenilsongiovanini.com.br\/blog\/#website","url":"https:\/\/adenilsongiovanini.com.br\/blog\/","name":"Adenilson Giovanini","description":"Topografia e Geotecnologias","publisher":{"@id":"https:\/\/adenilsongiovanini.com.br\/blog\/#\/schema\/person\/9c1daa7da73c116aae2cb0568d1daa23"},"potentialAction":[{"@type":"SearchAction","target":{"@type":"EntryPoint","urlTemplate":"https:\/\/adenilsongiovanini.com.br\/blog\/?s={search_term_string}"},"query-input":{"@type":"PropertyValueSpecification","valueRequired":true,"valueName":"search_term_string"}}],"inLanguage":"pt-BR"},{"@type":["Person","Organization"],"@id":"https:\/\/adenilsongiovanini.com.br\/blog\/#\/schema\/person\/9c1daa7da73c116aae2cb0568d1daa23","name":"Adenilson Giovanini","image":{"@type":"ImageObject","inLanguage":"pt-BR","@id":"https:\/\/adenilsongiovanini.com.br\/blog\/#\/schema\/person\/image\/","url":"https:\/\/adenilsongiovanini.com.br\/blog\/wp-content\/litespeed\/avatar\/be8f4de5c0b8a93c57a4f29cbf2f1e92.jpg?ver=1778339836","contentUrl":"https:\/\/adenilsongiovanini.com.br\/blog\/wp-content\/litespeed\/avatar\/be8f4de5c0b8a93c57a4f29cbf2f1e92.jpg?ver=1778339836","caption":"Adenilson Giovanini"},"logo":{"@id":"https:\/\/adenilsongiovanini.com.br\/blog\/#\/schema\/person\/image\/"},"description":"O Professor Adenilson Giovanini \u00e9 especialista em Topografia Cadastral e Georreferenciamento de Im\u00f3veis Rurais. O mesmo possui o Maior Site de Engenharia de Agrimensura do Brasil. Site este que tem mais de 102.000 visualiza\u00e7\u00f5es por m\u00eas. Tamb\u00e9m possui mais de 600 v\u00eddeos em seu canal no youtube. Al\u00e9m disso, \u00e9 escritor Best Seller, possuindo v\u00e1rios cursos e livros de sucesso.","sameAs":["http:\/\/adenilsongiovanini.com.br","https:\/\/www.facebook.com\/otopografo\/","https:\/\/www.instagram.com\/adenilson_giovanini\/","https:\/\/www.linkedin.com\/in\/adenilson-giovanini-819b8035\/","https:\/\/br.pinterest.com\/adenilsongiovanini\/","https:\/\/www.youtube.com\/channel\/uce-br7ghiuog2txcsdx5vrw"]}]}},"_links":{"self":[{"href":"https:\/\/adenilsongiovanini.com.br\/blog\/wp-json\/wp\/v2\/pages\/16940","targetHints":{"allow":["GET"]}}],"collection":[{"href":"https:\/\/adenilsongiovanini.com.br\/blog\/wp-json\/wp\/v2\/pages"}],"about":[{"href":"https:\/\/adenilsongiovanini.com.br\/blog\/wp-json\/wp\/v2\/types\/page"}],"author":[{"embeddable":true,"href":"https:\/\/adenilsongiovanini.com.br\/blog\/wp-json\/wp\/v2\/users\/1"}],"replies":[{"embeddable":true,"href":"https:\/\/adenilsongiovanini.com.br\/blog\/wp-json\/wp\/v2\/comments?post=16940"}],"version-history":[{"count":0,"href":"https:\/\/adenilsongiovanini.com.br\/blog\/wp-json\/wp\/v2\/pages\/16940\/revisions"}],"wp:featuredmedia":[{"embeddable":true,"href":"https:\/\/adenilsongiovanini.com.br\/blog\/wp-json\/wp\/v2\/media\/16944"}],"wp:attachment":[{"href":"https:\/\/adenilsongiovanini.com.br\/blog\/wp-json\/wp\/v2\/media?parent=16940"}],"curies":[{"name":"wp","href":"https:\/\/api.w.org\/{rel}","templated":true}]}}